{"id":133,"date":"2024-03-20T16:56:38","date_gmt":"2024-03-20T16:56:38","guid":{"rendered":"https:\/\/laglerreklam.hu\/?page_id=133"},"modified":"2024-04-23T15:19:31","modified_gmt":"2024-04-23T15:19:31","slug":"szolgaltatasok","status":"publish","type":"page","link":"https:\/\/laglerreklam.hu\/de\/szolgaltatasok\/","title":{"rendered":"Dienstleistungen"},"content":{"rendered":"<div data-elementor-type=\"wp-page\" data-elementor-id=\"133\" class=\"elementor elementor-133\" data-elementor-post-type=\"page\">\n\t\t\t\t\t\t\t\t\t<section class=\"elementor-section elementor-top-section elementor-element elementor-element-6039f1e elementor-section-boxed elementor-section-height-default elementor-section-height-default\" data-id=\"6039f1e\" data-element_type=\"section\">\n\t\t\t\t\t\t<div class=\"elementor-container elementor-column-gap-default\">\n\t\t\t\t\t<div class=\"elementor-column elementor-col-100 elementor-top-column elementor-element elementor-element-862bea8\" data-id=\"862bea8\" data-element_type=\"column\">\n\t\t\t<div class=\"elementor-widget-wrap elementor-element-populated\">\n\t\t\t\t\t\t\t\t<div class=\"elementor-element elementor-element-f8767a3 elementor-widget elementor-widget-text-editor\" data-id=\"f8767a3\" data-element_type=\"widget\" data-widget_type=\"text-editor.default\">\n\t\t\t\t<div class=\"elementor-widget-container\">\n\t\t\t<style>\/*! elementor - v3.14.0 - 26-06-2023 *\/\n.elementor-widget-text-editor.elementor-drop-cap-view-stacked .elementor-drop-cap{background-color:#69727d;color:#fff}.elementor-widget-text-editor.elementor-drop-cap-view-framed .elementor-drop-cap{color:#69727d;border:3px solid;background-color:transparent}.elementor-widget-text-editor:not(.elementor-drop-cap-view-default) .elementor-drop-cap{margin-top:8px}.elementor-widget-text-editor:not(.elementor-drop-cap-view-default) .elementor-drop-cap-letter{width:1em;height:1em}.elementor-widget-text-editor .elementor-drop-cap{float:left;text-align:center;line-height:1;font-size:50px}.elementor-widget-text-editor .elementor-drop-cap-letter{display:inline-block}<\/style>\t\t\t\t<p>Services of Lagler Advertising<\/p>\t\t\t\t\t\t<\/div>\n\t\t\t\t<\/div>\n\t\t\t\t\t<\/div>\n\t\t<\/div>\n\t\t\t\t\t\t\t<\/div>\n\t\t<\/section>\n\t\t\t\t<section class=\"elementor-section elementor-top-section elementor-element elementor-element-0e66df7 elementor-section-boxed elementor-section-height-default elementor-section-height-default\" data-id=\"0e66df7\" data-element_type=\"section\" data-settings=\"{&quot;background_background&quot;:&quot;classic&quot;}\">\n\t\t\t\t\t\t<div class=\"elementor-container elementor-column-gap-default\">\n\t\t\t\t\t<div class=\"elementor-column elementor-col-100 elementor-top-column elementor-element elementor-element-8b08879\" data-id=\"8b08879\" data-element_type=\"column\">\n\t\t\t<div class=\"elementor-widget-wrap elementor-element-populated\">\n\t\t\t\t\t\t\t\t<div class=\"elementor-element elementor-element-f599844 elementor-widget elementor-widget-spacer\" data-id=\"f599844\" data-element_type=\"widget\" data-widget_type=\"spacer.default\">\n\t\t\t\t<div class=\"elementor-widget-container\">\n\t\t\t<style>\/*! elementor - v3.14.0 - 26-06-2023 *\/\n.elementor-column .elementor-spacer-inner{height:var(--spacer-size)}.e-con{--container-widget-width:100%}.e-con-inner>.elementor-widget-spacer,.e-con>.elementor-widget-spacer{width:var(--container-widget-width,var(--spacer-size));--align-self:var(--container-widget-align-self,initial);--flex-shrink:0}.e-con-inner>.elementor-widget-spacer>.elementor-widget-container,.e-con-inner>.elementor-widget-spacer>.elementor-widget-container>.elementor-spacer,.e-con>.elementor-widget-spacer>.elementor-widget-container,.e-con>.elementor-widget-spacer>.elementor-widget-container>.elementor-spacer{height:100%}.e-con-inner>.elementor-widget-spacer>.elementor-widget-container>.elementor-spacer>.elementor-spacer-inner,.e-con>.elementor-widget-spacer>.elementor-widget-container>.elementor-spacer>.elementor-spacer-inner{height:var(--container-widget-height,var(--spacer-size))}<\/style>\t\t<div class=\"elementor-spacer\">\n\t\t\t<div class=\"elementor-spacer-inner\"><\/div>\n\t\t<\/div>\n\t\t\t\t<\/div>\n\t\t\t\t<\/div>\n\t\t\t\t<div class=\"elementor-element elementor-element-051e64e elementor-widget elementor-widget-text-editor\" data-id=\"051e64e\" data-element_type=\"widget\" data-widget_type=\"text-editor.default\">\n\t\t\t\t<div class=\"elementor-widget-container\">\n\t\t\t\t\t\t\t<p>Neben digitalen Plattformen bieten wir auch klassische \u00f6ffentliche Werbemittel in Sopron und in mehreren Regionen des Landes an (Riesenplakate, Fassadenwerbemalereien, individuelle Werbetr\u00e4ger). Fordere unser Angebot an!<br \/><br><br \/>Unsere weiteren Dienstleistungen Marketingberatung | Werbegrafikdesign | Animation | Layoutgestaltung | Druckdienstleistungen | Planung und Durchf\u00fchrung von Werbekampagnen | Veranstaltungsorganisation | Facebook-, Instagram- und TikTok-Kampagnenmanagement | Visuelle Kommunikation | Stilberatung<\/p>\t\t\t\t\t\t<\/div>\n\t\t\t\t<\/div>\n\t\t\t\t<div class=\"elementor-element elementor-element-fa3d50f elementor-widget elementor-widget-text-editor\" data-id=\"fa3d50f\" data-element_type=\"widget\" data-widget_type=\"text-editor.default\">\n\t\t\t\t<div class=\"elementor-widget-container\">\n\t\t\t\t\t\t\t<p>Pixity verf\u00fcgt neben digitalen Plattformen auch \u00fcber klassische \u00f6ffentliche Werbemittel.<br \/><br><\/p>\t\t\t\t\t\t<\/div>\n\t\t\t\t<\/div>\n\t\t\t\t<div class=\"elementor-element elementor-element-a314488 elementor-widget elementor-widget-text-editor\" data-id=\"a314488\" data-element_type=\"widget\" data-widget_type=\"text-editor.default\">\n\t\t\t\t<div class=\"elementor-widget-container\">\n\t\t\t\t\t\t\t<p>In unserem Angebot findest du Riesenplakate, bemalbare Fassadenwerbefl\u00e4chen sowie individuelle Werbetr\u00e4ger in Sopron und in mehreren Regionen des Landes. Fordere unser Angebot an!<\/p>\t\t\t\t\t\t<\/div>\n\t\t\t\t<\/div>\n\t\t\t\t<div class=\"elementor-element elementor-element-f71a8de elementor-widget elementor-widget-spacer\" data-id=\"f71a8de\" data-element_type=\"widget\" data-widget_type=\"spacer.default\">\n\t\t\t\t<div class=\"elementor-widget-container\">\n\t\t\t\t\t<div class=\"elementor-spacer\">\n\t\t\t<div class=\"elementor-spacer-inner\"><\/div>\n\t\t<\/div>\n\t\t\t\t<\/div>\n\t\t\t\t<\/div>\n\t\t\t\t\t<\/div>\n\t\t<\/div>\n\t\t\t\t\t\t\t<\/div>\n\t\t<\/section>\n\t\t\t\t<section class=\"elementor-section elementor-top-section elementor-element elementor-element-da26392 elementor-section-boxed elementor-section-height-default elementor-section-height-default\" data-id=\"da26392\" data-element_type=\"section\">\n\t\t\t\t\t\t<div class=\"elementor-container elementor-column-gap-default\">\n\t\t\t\t\t<div class=\"elementor-column elementor-col-100 elementor-top-column elementor-element elementor-element-afe8894\" data-id=\"afe8894\" data-element_type=\"column\">\n\t\t\t<div class=\"elementor-widget-wrap elementor-element-populated\">\n\t\t\t\t\t\t\t\t<div class=\"elementor-element elementor-element-d3ebd92 elementor-widget elementor-widget-text-editor\" data-id=\"d3ebd92\" data-element_type=\"widget\" data-widget_type=\"text-editor.default\">\n\t\t\t\t<div class=\"elementor-widget-container\">\n\t\t\t\t\t\t\t<p>Weitere Dienstleistungen:<\/p>\t\t\t\t\t\t<\/div>\n\t\t\t\t<\/div>\n\t\t\t\t<div class=\"elementor-element elementor-element-e47ddb4 elementor-widget elementor-widget-text-editor\" data-id=\"e47ddb4\" data-element_type=\"widget\" data-widget_type=\"text-editor.default\">\n\t\t\t\t<div class=\"elementor-widget-container\">\n\t\t\t\t\t\t\t<p>Marketingberatung<br \/>Werbegrafikdesign<br \/>Animation<br \/>Layoutgestaltung<br \/>Druckdienstleistungen<br \/>Planung und Durchf\u00fchrung von Werbekampagnen<br \/>Veranstaltungsorganisation<br \/>Management von Facebook-, Instagram- und TikTok-Kampagnen<br \/>Visuelle Kommunikation<br \/>Stilberatung<\/p>\t\t\t\t\t\t<\/div>\n\t\t\t\t<\/div>\n\t\t\t\t\t<\/div>\n\t\t<\/div>\n\t\t\t\t\t\t\t<\/div>\n\t\t<\/section>\n\t\t\t\t\t\t\t<\/div>","protected":false},"excerpt":{"rendered":"<p>A Lagler Rekl\u00e1m szolg\u00e1ltat\u00e1sai A digit\u00e1lis fel\u00fcleteken k\u00edv\u00fcl klasszikus k\u00f6zter\u00fcleti rekl\u00e1meszk\u00f6z\u00f6kkel is rendelkez\u00fcnk Sopronban \u00e9s az orsz\u00e1g t\u00f6bb r\u00e9gi\u00f3j\u00e1ban (\u00f3ri\u00e1splak\u00e1tok, [&hellip;]<\/p>","protected":false},"author":1,"featured_media":0,"parent":0,"menu_order":0,"comment_status":"closed","ping_status":"closed","template":"","meta":{"site-sidebar-layout":"no-sidebar","site-content-layout":"","ast-site-content-layout":"full-width-container","site-content-style":"default","site-sidebar-style":"default","ast-global-header-display":"","ast-banner-title-visibility":"","ast-main-header-display":"","ast-hfb-above-header-display":"","ast-hfb-below-header-display":"","ast-hfb-mobile-header-display":"","site-post-title":"disabled","ast-breadcrumbs-content":"","ast-featured-img":"disabled","footer-sml-layout":"","theme-transparent-header-meta":"","adv-header-id-meta":"","stick-header-meta":"","header-above-stick-meta":"","header-main-stick-meta":"","header-below-stick-meta":"","astra-migrate-meta-layouts":"default","ast-page-background-enabled":"default","ast-page-background-meta":{"desktop":{"background-color":"var(--ast-global-color-4)","background-image":"","background-repeat":"repeat","background-position":"center center","background-size":"auto","background-attachment":"scroll","background-type":"","background-media":"","overlay-type":"","overlay-color":"","overlay-gradient":""},"tablet":{"background-color":"","background-image":"","background-repeat":"repeat","background-position":"center center","background-size":"auto","background-attachment":"scroll","background-type":"","background-media":"","overlay-type":"","overlay-color":"","overlay-gradient":""},"mobile":{"background-color":"","background-image":"","background-repeat":"repeat","background-position":"center center","background-size":"auto","background-attachment":"scroll","background-type":"","background-media":"","overlay-type":"","overlay-color":"","overlay-gradient":""}},"ast-content-background-meta":{"desktop":{"background-color":"var(--ast-global-color-5)","background-image":"","background-repeat":"repeat","background-position":"center center","background-size":"auto","background-attachment":"scroll","background-type":"","background-media":"","overlay-type":"","overlay-color":"","overlay-gradient":""},"tablet":{"background-color":"var(--ast-global-color-5)","background-image":"","background-repeat":"repeat","background-position":"center center","background-size":"auto","background-attachment":"scroll","background-type":"","background-media":"","overlay-type":"","overlay-color":"","overlay-gradient":""},"mobile":{"background-color":"var(--ast-global-color-5)","background-image":"","background-repeat":"repeat","background-position":"center center","background-size":"auto","background-attachment":"scroll","background-type":"","background-media":"","overlay-type":"","overlay-color":"","overlay-gradient":""}},"footnotes":""},"class_list":["post-133","page","type-page","status-publish","hentry"],"yoast_head":"<!-- This site is optimized with the Yoast SEO plugin v22.5 - https:\/\/yoast.com\/wordpress\/plugins\/seo\/ -->\n<title>Szolg\u00e1ltat\u00e1sok | Digit\u00e1lis Citylight<\/title>\n<meta name=\"description\" content=\"Tekintsd meg a Lagler Rekl\u00e1m Digit\u00e1lis Citylight ny\u00fajtotta \u00e9s ahhoz kapcsol\u00f3d\u00f3 egy\u00e9b rekl\u00e1m szolg\u00e1ltat\u00e1saink!\" \/>\n<meta name=\"robots\" content=\"index, follow, max-snippet:-1, max-image-preview:large, max-video-preview:-1\" \/>\n<link rel=\"canonical\" href=\"https:\/\/laglerreklam.hu\/de\/szolgaltatasok\/\" \/>\n<meta property=\"og:locale\" content=\"de_DE\" \/>\n<meta property=\"og:type\" content=\"article\" \/>\n<meta property=\"og:title\" content=\"Szolg\u00e1ltat\u00e1sok | Digit\u00e1lis Citylight\" \/>\n<meta property=\"og:description\" content=\"Tekintsd meg a Lagler Rekl\u00e1m Digit\u00e1lis Citylight ny\u00fajtotta \u00e9s ahhoz kapcsol\u00f3d\u00f3 egy\u00e9b rekl\u00e1m szolg\u00e1ltat\u00e1saink!\" \/>\n<meta property=\"og:url\" content=\"https:\/\/laglerreklam.hu\/de\/szolgaltatasok\/\" \/>\n<meta property=\"og:site_name\" content=\"PixityMedia\" \/>\n<meta property=\"article:modified_time\" content=\"2024-04-23T15:19:31+00:00\" \/>\n<meta property=\"og:image\" content=\"https:\/\/laglerreklam.hu\/wp-content\/uploads\/2024\/04\/laglericon.png\" \/>\n\t<meta property=\"og:image:width\" content=\"1000\" \/>\n\t<meta property=\"og:image:height\" content=\"1000\" \/>\n\t<meta property=\"og:image:type\" content=\"image\/png\" \/>\n<meta name=\"twitter:card\" content=\"summary_large_image\" \/>\n<meta name=\"twitter:label1\" content=\"Gesch\u00e4tzte Lesezeit\" \/>\n\t<meta name=\"twitter:data1\" content=\"1\u00a0Minute\" \/>\n<script type=\"application\/ld+json\" class=\"yoast-schema-graph\">{\"@context\":\"https:\/\/schema.org\",\"@graph\":[{\"@type\":\"WebPage\",\"@id\":\"https:\/\/laglerreklam.hu\/de\/szolgaltatasok\/\",\"url\":\"https:\/\/laglerreklam.hu\/de\/szolgaltatasok\/\",\"name\":\"Szolg\u00e1ltat\u00e1sok | Digit\u00e1lis Citylight\",\"isPartOf\":{\"@id\":\"https:\/\/laglerreklam.hu\/de\/#website\"},\"datePublished\":\"2024-03-20T16:56:38+00:00\",\"dateModified\":\"2024-04-23T15:19:31+00:00\",\"description\":\"Tekintsd meg a Lagler Rekl\u00e1m Digit\u00e1lis Citylight ny\u00fajtotta \u00e9s ahhoz kapcsol\u00f3d\u00f3 egy\u00e9b rekl\u00e1m szolg\u00e1ltat\u00e1saink!\",\"breadcrumb\":{\"@id\":\"https:\/\/laglerreklam.hu\/de\/szolgaltatasok\/#breadcrumb\"},\"inLanguage\":\"de\",\"potentialAction\":[{\"@type\":\"ReadAction\",\"target\":[\"https:\/\/laglerreklam.hu\/de\/szolgaltatasok\/\"]}]},{\"@type\":\"BreadcrumbList\",\"@id\":\"https:\/\/laglerreklam.hu\/de\/szolgaltatasok\/#breadcrumb\",\"itemListElement\":[{\"@type\":\"ListItem\",\"position\":1,\"name\":\"Kezd\u0151lap\",\"item\":\"https:\/\/laglerreklam.hu\/de\/\"},{\"@type\":\"ListItem\",\"position\":2,\"name\":\"Szolg\u00e1ltat\u00e1sok\"}]},{\"@type\":\"WebSite\",\"@id\":\"https:\/\/laglerreklam.hu\/de\/#website\",\"url\":\"https:\/\/laglerreklam.hu\/de\/\",\"name\":\"Lagler Rekl\u00e1m - \u00daton vagyunk!\",\"description\":\"\",\"publisher\":{\"@id\":\"https:\/\/laglerreklam.hu\/de\/#organization\"},\"potentialAction\":[{\"@type\":\"SearchAction\",\"target\":{\"@type\":\"EntryPoint\",\"urlTemplate\":\"https:\/\/laglerreklam.hu\/de\/?s={search_term_string}\"},\"query-input\":\"required name=search_term_string\"}],\"inLanguage\":\"de\"},{\"@type\":\"Organization\",\"@id\":\"https:\/\/laglerreklam.hu\/de\/#organization\",\"name\":\"Lagler Rekl\u00e1m\",\"url\":\"https:\/\/laglerreklam.hu\/de\/\",\"logo\":{\"@type\":\"ImageObject\",\"inLanguage\":\"de\",\"@id\":\"https:\/\/laglerreklam.hu\/de\/#\/schema\/logo\/image\/\",\"url\":\"https:\/\/laglerreklam.hu\/wp-content\/uploads\/2024\/04\/laglericon.png\",\"contentUrl\":\"https:\/\/laglerreklam.hu\/wp-content\/uploads\/2024\/04\/laglericon.png\",\"width\":1000,\"height\":1000,\"caption\":\"Lagler Rekl\u00e1m\"},\"image\":{\"@id\":\"https:\/\/laglerreklam.hu\/de\/#\/schema\/logo\/image\/\"}}]}<\/script>\n<!-- \/ Yoast SEO plugin. -->","yoast_head_json":{"title":"Szolg\u00e1ltat\u00e1sok | Digit\u00e1lis Citylight","description":"Tekintsd meg a Lagler Rekl\u00e1m Digit\u00e1lis Citylight ny\u00fajtotta \u00e9s ahhoz kapcsol\u00f3d\u00f3 egy\u00e9b rekl\u00e1m szolg\u00e1ltat\u00e1saink!","robots":{"index":"index","follow":"follow","max-snippet":"max-snippet:-1","max-image-preview":"max-image-preview:large","max-video-preview":"max-video-preview:-1"},"canonical":"https:\/\/laglerreklam.hu\/de\/szolgaltatasok\/","og_locale":"de_DE","og_type":"article","og_title":"Szolg\u00e1ltat\u00e1sok | Digit\u00e1lis Citylight","og_description":"Tekintsd meg a Lagler Rekl\u00e1m Digit\u00e1lis Citylight ny\u00fajtotta \u00e9s ahhoz kapcsol\u00f3d\u00f3 egy\u00e9b rekl\u00e1m szolg\u00e1ltat\u00e1saink!","og_url":"https:\/\/laglerreklam.hu\/de\/szolgaltatasok\/","og_site_name":"PixityMedia","article_modified_time":"2024-04-23T15:19:31+00:00","og_image":[{"width":1000,"height":1000,"url":"https:\/\/laglerreklam.hu\/wp-content\/uploads\/2024\/04\/laglericon.png","type":"image\/png"}],"twitter_card":"summary_large_image","twitter_misc":{"Gesch\u00e4tzte Lesezeit":"1\u00a0Minute"},"schema":{"@context":"https:\/\/schema.org","@graph":[{"@type":"WebPage","@id":"https:\/\/laglerreklam.hu\/de\/szolgaltatasok\/","url":"https:\/\/laglerreklam.hu\/de\/szolgaltatasok\/","name":"Szolg\u00e1ltat\u00e1sok | Digit\u00e1lis Citylight","isPartOf":{"@id":"https:\/\/laglerreklam.hu\/de\/#website"},"datePublished":"2024-03-20T16:56:38+00:00","dateModified":"2024-04-23T15:19:31+00:00","description":"Tekintsd meg a Lagler Rekl\u00e1m Digit\u00e1lis Citylight ny\u00fajtotta \u00e9s ahhoz kapcsol\u00f3d\u00f3 egy\u00e9b rekl\u00e1m szolg\u00e1ltat\u00e1saink!","breadcrumb":{"@id":"https:\/\/laglerreklam.hu\/de\/szolgaltatasok\/#breadcrumb"},"inLanguage":"de","potentialAction":[{"@type":"ReadAction","target":["https:\/\/laglerreklam.hu\/de\/szolgaltatasok\/"]}]},{"@type":"BreadcrumbList","@id":"https:\/\/laglerreklam.hu\/de\/szolgaltatasok\/#breadcrumb","itemListElement":[{"@type":"ListItem","position":1,"name":"Kezd\u0151lap","item":"https:\/\/laglerreklam.hu\/de\/"},{"@type":"ListItem","position":2,"name":"Szolg\u00e1ltat\u00e1sok"}]},{"@type":"WebSite","@id":"https:\/\/laglerreklam.hu\/de\/#website","url":"https:\/\/laglerreklam.hu\/de\/","name":"Lagler Rekl\u00e1m - \u00daton vagyunk!","description":"","publisher":{"@id":"https:\/\/laglerreklam.hu\/de\/#organization"},"potentialAction":[{"@type":"SearchAction","target":{"@type":"EntryPoint","urlTemplate":"https:\/\/laglerreklam.hu\/de\/?s={search_term_string}"},"query-input":"required name=search_term_string"}],"inLanguage":"de"},{"@type":"Organization","@id":"https:\/\/laglerreklam.hu\/de\/#organization","name":"Lagler Rekl\u00e1m","url":"https:\/\/laglerreklam.hu\/de\/","logo":{"@type":"ImageObject","inLanguage":"de","@id":"https:\/\/laglerreklam.hu\/de\/#\/schema\/logo\/image\/","url":"https:\/\/laglerreklam.hu\/wp-content\/uploads\/2024\/04\/laglericon.png","contentUrl":"https:\/\/laglerreklam.hu\/wp-content\/uploads\/2024\/04\/laglericon.png","width":1000,"height":1000,"caption":"Lagler Rekl\u00e1m"},"image":{"@id":"https:\/\/laglerreklam.hu\/de\/#\/schema\/logo\/image\/"}}]}},"_links":{"self":[{"href":"https:\/\/laglerreklam.hu\/de\/wp-json\/wp\/v2\/pages\/133","targetHints":{"allow":["GET"]}}],"collection":[{"href":"https:\/\/laglerreklam.hu\/de\/wp-json\/wp\/v2\/pages"}],"about":[{"href":"https:\/\/laglerreklam.hu\/de\/wp-json\/wp\/v2\/types\/page"}],"author":[{"embeddable":true,"href":"https:\/\/laglerreklam.hu\/de\/wp-json\/wp\/v2\/users\/1"}],"replies":[{"embeddable":true,"href":"https:\/\/laglerreklam.hu\/de\/wp-json\/wp\/v2\/comments?post=133"}],"version-history":[{"count":25,"href":"https:\/\/laglerreklam.hu\/de\/wp-json\/wp\/v2\/pages\/133\/revisions"}],"predecessor-version":[{"id":478,"href":"https:\/\/laglerreklam.hu\/de\/wp-json\/wp\/v2\/pages\/133\/revisions\/478"}],"wp:attachment":[{"href":"https:\/\/laglerreklam.hu\/de\/wp-json\/wp\/v2\/media?parent=133"}],"curies":[{"name":"wp","href":"https:\/\/api.w.org\/{rel}","templated":true}]}}